{"id":496,"date":"2025-07-22T07:02:39","date_gmt":"2025-07-22T07:02:39","guid":{"rendered":"https:\/\/cowboysteakgrill.com\/?page_id=496"},"modified":"2025-08-07T19:40:43","modified_gmt":"2025-08-07T19:40:43","slug":"privacidad","status":"publish","type":"page","link":"https:\/\/cowboysteakgrill.com\/en\/home\/privacidad\/","title":{"rendered":"Privacy Policy"},"content":{"rendered":"<div data-elementor-type=\"wp-page\" data-elementor-id=\"496\" class=\"elementor elementor-496\">\n\t\t\t\t<div class=\"elementor-element elementor-element-b80dc29 e-flex e-con-boxed wpr-particle-no wpr-jarallax-no wpr-parallax-no wpr-sticky-section-no wpr-equal-height-no e-con e-parent\" data-id=\"b80dc29\" data-element_type=\"container\" data-e-type=\"container\">\n\t\t\t\t\t<div class=\"e-con-inner\">\n\t\t\t\t<div class=\"elementor-element elementor-element-670028a elementor-widget elementor-widget-heading\" data-id=\"670028a\" data-element_type=\"widget\" data-e-type=\"widget\" data-widget_type=\"heading.default\">\n\t\t\t\t\t<h2 class=\"elementor-heading-title elementor-size-default\">Privacy Policy<\/h2>\t\t\t\t<\/div>\n\t\t\t\t<div class=\"elementor-element elementor-element-d8d2550 elementor-widget elementor-widget-text-editor\" data-id=\"d8d2550\" data-element_type=\"widget\" data-e-type=\"widget\" data-widget_type=\"text-editor.default\">\n\t\t\t\t\t\t\t\t\t<p>Last updated: July 2025<\/p><p>At <em data-start=\"384\" data-end=\"404\">Cowboy Steak Grill<\/em>, we respect your privacy. This page is intended for informational and contact purposes, and contains links that redirect to our WhatsApp account for reservations or inquiries.<\/p><p data-start=\"593\" data-end=\"623\"><strong>What data do we collect?<\/strong><\/p><p>This site does not directly collect personal data, but may use cookies for statistical or performance purposes through tools such as Google Analytics or similar.<\/p><p data-start=\"815\" data-end=\"836\"><strong>Use of Cookies<\/strong><\/p><p>This site may use cookies to:<\/p><ul data-start=\"878\" data-end=\"1016\"><li data-start=\"878\" data-end=\"979\">Analyze general browsing behavior (most visited pages, time on site, etc.)<\/li><li data-start=\"980\" data-end=\"1016\">Improve the user experience<\/li><\/ul><p>No cookies are used for advertising purposes or to personally identify you.<\/p><p>You can adjust or block cookies through your browser settings.<\/p><p data-start=\"1178\" data-end=\"1193\"><strong>Third Parties<\/strong><\/p><p>When you click our reservation button, you will be redirected to WhatsApp. Cowboy Steak Grill is not responsible for the privacy policies of that platform.<\/p><p data-start=\"1367\" data-end=\"1395\"><strong>Changes to this notice<\/strong><\/p><p>We reserve the right to update this notice at any time. We recommend checking it periodically.<\/p><p>For any questions related to this notice, you may contact us directly via WhatsApp.<\/p>\t\t\t\t\t\t\t\t<\/div>\n\t\t\t\t\t<\/div>\n\t\t\t\t<\/div>\n\t\t\t\t<\/div>","protected":false},"excerpt":{"rendered":"<p>Pol\u00edtica de Privacidad \u00daltima actualizaci\u00f3n: Julio de 2025 En Cowboy Steak Grill, respetamos tu privacidad. Esta p\u00e1gina tiene fines informativos y de contacto, y contiene enlaces que redirigen a nuestra cuenta de WhatsApp para realizar reservaciones o resolver dudas. \u00bfQu\u00e9 datos recopilamos? El sitio no recopila datos personales directamente, pero puede hacer uso de cookies con fines estad\u00edsticos o de rendimiento mediante herramientas como Google Analytics o similares. Uso de cookies Este sitio puede utilizar cookies para: Analizar el comportamiento general de navegaci\u00f3n (p\u00e1ginas m\u00e1s vistas, tiempo de permanencia, etc.). Mejorar la experiencia de usuario. No se usan cookies con fines publicitarios ni para identificarte personalmente. Puedes ajustar o bloquear las cookies desde la configuraci\u00f3n de tu navegador. Terceros Cuando haces clic en nuestro bot\u00f3n para reservar, ser\u00e1s redirigido a WhatsApp. Cowboy Steak Grill no se hace responsable de las pol\u00edticas de privacidad de esa plataforma. Cambios en este aviso Nos reservamos el derecho de actualizar este aviso. Te recomendamos revisarlo peri\u00f3dicamente. Para cualquier pregunta relacionada con este aviso, puedes contactarnos directamente v\u00eda WhatsApp.<\/p>","protected":false},"author":3,"featured_media":0,"parent":9,"menu_order":0,"comment_status":"closed","ping_status":"closed","template":"","meta":{"site-sidebar-layout":"no-sidebar","site-content-layout":"","ast-site-content-layout":"full-width-container","site-content-style":"default","site-sidebar-style":"default","ast-global-header-display":"","ast-banner-title-visibility":"","ast-main-header-display":"","ast-hfb-above-header-display":"","ast-hfb-below-header-display":"","ast-hfb-mobile-header-display":"","site-post-title":"disabled","ast-breadcrumbs-content":"","ast-featured-img":"disabled","footer-sml-layout":"","ast-disable-related-posts":"","theme-transparent-header-meta":"","adv-header-id-meta":"","stick-header-meta":"","header-above-stick-meta":"","header-main-stick-meta":"","header-below-stick-meta":"","astra-migrate-meta-layouts":"default","ast-page-background-enabled":"default","ast-page-background-meta":{"desktop":{"background-color":"var(--ast-global-color-5)","background-image":"","background-repeat":"repeat","background-position":"center center","background-size":"auto","background-attachment":"scroll","background-type":"","background-media":"","overlay-type":"","overlay-color":"","overlay-opacity":"","overlay-gradient":""},"tablet":{"background-color":"","background-image":"","background-repeat":"repeat","background-position":"center center","background-size":"auto","background-attachment":"scroll","background-type":"","background-media":"","overlay-type":"","overlay-color":"","overlay-opacity":"","overlay-gradient":""},"mobile":{"background-color":"","background-image":"","background-repeat":"repeat","background-position":"center center","background-size":"auto","background-attachment":"scroll","background-type":"","background-media":"","overlay-type":"","overlay-color":"","overlay-opacity":"","overlay-gradient":""}},"ast-content-background-meta":{"desktop":{"background-color":"var(--ast-global-color-4)","background-image":"","background-repeat":"repeat","background-position":"center center","background-size":"auto","background-attachment":"scroll","background-type":"","background-media":"","overlay-type":"","overlay-color":"","overlay-opacity":"","overlay-gradient":""},"tablet":{"background-color":"var(--ast-global-color-4)","background-image":"","background-repeat":"repeat","background-position":"center center","background-size":"auto","background-attachment":"scroll","background-type":"","background-media":"","overlay-type":"","overlay-color":"","overlay-opacity":"","overlay-gradient":""},"mobile":{"background-color":"var(--ast-global-color-4)","background-image":"","background-repeat":"repeat","background-position":"center center","background-size":"auto","background-attachment":"scroll","background-type":"","background-media":"","overlay-type":"","overlay-color":"","overlay-opacity":"","overlay-gradient":""}},"footnotes":""},"class_list":["post-496","page","type-page","status-publish","hentry"],"yoast_head":"<!-- This site is optimized with the Yoast SEO plugin v27.5 - https:\/\/yoast.com\/product\/yoast-seo-wordpress\/ -->\n<title>Pol\u00edtica de Privacidad -<\/title>\n<meta name=\"robots\" content=\"index, follow, max-snippet:-1, max-image-preview:large, max-video-preview:-1\" \/>\n<link rel=\"canonical\" href=\"https:\/\/cowboysteakgrill.com\/en\/home\/privacidad\/\" \/>\n<meta property=\"og:locale\" content=\"en_US\" \/>\n<meta property=\"og:type\" content=\"article\" \/>\n<meta property=\"og:title\" content=\"Pol\u00edtica de Privacidad -\" \/>\n<meta property=\"og:description\" content=\"Pol\u00edtica de Privacidad \u00daltima actualizaci\u00f3n: Julio de 2025 En Cowboy Steak Grill, respetamos tu privacidad. Esta p\u00e1gina tiene fines informativos y de contacto, y contiene enlaces que redirigen a nuestra cuenta de WhatsApp para realizar reservaciones o resolver dudas. \u00bfQu\u00e9 datos recopilamos? El sitio no recopila datos personales directamente, pero puede hacer uso de cookies con fines estad\u00edsticos o de rendimiento mediante herramientas como Google Analytics o similares. Uso de cookies Este sitio puede utilizar cookies para: Analizar el comportamiento general de navegaci\u00f3n (p\u00e1ginas m\u00e1s vistas, tiempo de permanencia, etc.). Mejorar la experiencia de usuario. No se usan cookies con fines publicitarios ni para identificarte personalmente. Puedes ajustar o bloquear las cookies desde la configuraci\u00f3n de tu navegador. Terceros Cuando haces clic en nuestro bot\u00f3n para reservar, ser\u00e1s redirigido a WhatsApp. Cowboy Steak Grill no se hace responsable de las pol\u00edticas de privacidad de esa plataforma. Cambios en este aviso Nos reservamos el derecho de actualizar este aviso. Te recomendamos revisarlo peri\u00f3dicamente. Para cualquier pregunta relacionada con este aviso, puedes contactarnos directamente v\u00eda WhatsApp.\" \/>\n<meta property=\"og:url\" content=\"https:\/\/cowboysteakgrill.com\/en\/home\/privacidad\/\" \/>\n<meta property=\"article:publisher\" content=\"https:\/\/www.facebook.com\/CowboyNuevoIdeal\" \/>\n<meta property=\"article:modified_time\" content=\"2025-08-07T19:40:43+00:00\" \/>\n<meta name=\"twitter:card\" content=\"summary_large_image\" \/>\n<meta name=\"twitter:label1\" content=\"Est. reading time\" \/>\n\t<meta name=\"twitter:data1\" content=\"1 minute\" \/>\n<script type=\"application\/ld+json\" class=\"yoast-schema-graph\">{\"@context\":\"https:\\\/\\\/schema.org\",\"@graph\":[{\"@type\":\"WebPage\",\"@id\":\"https:\\\/\\\/cowboysteakgrill.com\\\/home\\\/privacidad\\\/\",\"url\":\"https:\\\/\\\/cowboysteakgrill.com\\\/home\\\/privacidad\\\/\",\"name\":\"Pol\u00edtica de Privacidad -\",\"isPartOf\":{\"@id\":\"https:\\\/\\\/cowboysteakgrill.com\\\/#website\"},\"datePublished\":\"2025-07-22T07:02:39+00:00\",\"dateModified\":\"2025-08-07T19:40:43+00:00\",\"breadcrumb\":{\"@id\":\"https:\\\/\\\/cowboysteakgrill.com\\\/home\\\/privacidad\\\/#breadcrumb\"},\"inLanguage\":\"en-US\",\"potentialAction\":[{\"@type\":\"ReadAction\",\"target\":[\"https:\\\/\\\/cowboysteakgrill.com\\\/home\\\/privacidad\\\/\"]}]},{\"@type\":\"BreadcrumbList\",\"@id\":\"https:\\\/\\\/cowboysteakgrill.com\\\/home\\\/privacidad\\\/#breadcrumb\",\"itemListElement\":[{\"@type\":\"ListItem\",\"position\":1,\"name\":\"Home\",\"item\":\"https:\\\/\\\/cowboysteakgrill.com\\\/\"},{\"@type\":\"ListItem\",\"position\":2,\"name\":\"Cowboy Steak Grill\",\"item\":\"https:\\\/\\\/cowboysteakgrill.com\\\/\"},{\"@type\":\"ListItem\",\"position\":3,\"name\":\"Pol\u00edtica de Privacidad\"}]},{\"@type\":\"WebSite\",\"@id\":\"https:\\\/\\\/cowboysteakgrill.com\\\/#website\",\"url\":\"https:\\\/\\\/cowboysteakgrill.com\\\/\",\"name\":\"Cowboy Steak Grill\",\"description\":\"Asado con sabor norte\u00f1o de Durango, alma de Canatl\u00e1n y coraz\u00f3n de Nuevo Ideal.\",\"publisher\":{\"@id\":\"https:\\\/\\\/cowboysteakgrill.com\\\/#organization\"},\"potentialAction\":[{\"@type\":\"SearchAction\",\"target\":{\"@type\":\"EntryPoint\",\"urlTemplate\":\"https:\\\/\\\/cowboysteakgrill.com\\\/?s={search_term_string}\"},\"query-input\":{\"@type\":\"PropertyValueSpecification\",\"valueRequired\":true,\"valueName\":\"search_term_string\"}}],\"inLanguage\":\"en-US\"},{\"@type\":\"Organization\",\"@id\":\"https:\\\/\\\/cowboysteakgrill.com\\\/#organization\",\"name\":\"Cowboy Steak Grill\",\"url\":\"https:\\\/\\\/cowboysteakgrill.com\\\/\",\"logo\":{\"@type\":\"ImageObject\",\"inLanguage\":\"en-US\",\"@id\":\"https:\\\/\\\/cowboysteakgrill.com\\\/#\\\/schema\\\/logo\\\/image\\\/\",\"url\":\"https:\\\/\\\/cowboysteakgrill.com\\\/wp-content\\\/uploads\\\/2025\\\/07\\\/Cowboy-Steak-Grill-Logo-scaled.png\",\"contentUrl\":\"https:\\\/\\\/cowboysteakgrill.com\\\/wp-content\\\/uploads\\\/2025\\\/07\\\/Cowboy-Steak-Grill-Logo-scaled.png\",\"width\":2560,\"height\":1354,\"caption\":\"Cowboy Steak Grill\"},\"image\":{\"@id\":\"https:\\\/\\\/cowboysteakgrill.com\\\/#\\\/schema\\\/logo\\\/image\\\/\"},\"sameAs\":[\"https:\\\/\\\/www.facebook.com\\\/CowboyNuevoIdeal\",\"https:\\\/\\\/www.facebook.com\\\/profile.php?id=61567868582539\",\"https:\\\/\\\/www.instagram.com\\\/cowboysteakgrill_\\\/\",\"https:\\\/\\\/www.instagram.com\\\/cowboysteakgrillcanatlan\\\/\"]}]}<\/script>\n<!-- \/ Yoast SEO plugin. -->","yoast_head_json":{"title":"Pol\u00edtica de Privacidad -","robots":{"index":"index","follow":"follow","max-snippet":"max-snippet:-1","max-image-preview":"max-image-preview:large","max-video-preview":"max-video-preview:-1"},"canonical":"https:\/\/cowboysteakgrill.com\/en\/home\/privacidad\/","og_locale":"en_US","og_type":"article","og_title":"Pol\u00edtica de Privacidad -","og_description":"Pol\u00edtica de Privacidad \u00daltima actualizaci\u00f3n: Julio de 2025 En Cowboy Steak Grill, respetamos tu privacidad. Esta p\u00e1gina tiene fines informativos y de contacto, y contiene enlaces que redirigen a nuestra cuenta de WhatsApp para realizar reservaciones o resolver dudas. \u00bfQu\u00e9 datos recopilamos? El sitio no recopila datos personales directamente, pero puede hacer uso de cookies con fines estad\u00edsticos o de rendimiento mediante herramientas como Google Analytics o similares. Uso de cookies Este sitio puede utilizar cookies para: Analizar el comportamiento general de navegaci\u00f3n (p\u00e1ginas m\u00e1s vistas, tiempo de permanencia, etc.). Mejorar la experiencia de usuario. No se usan cookies con fines publicitarios ni para identificarte personalmente. Puedes ajustar o bloquear las cookies desde la configuraci\u00f3n de tu navegador. Terceros Cuando haces clic en nuestro bot\u00f3n para reservar, ser\u00e1s redirigido a WhatsApp. Cowboy Steak Grill no se hace responsable de las pol\u00edticas de privacidad de esa plataforma. Cambios en este aviso Nos reservamos el derecho de actualizar este aviso. Te recomendamos revisarlo peri\u00f3dicamente. Para cualquier pregunta relacionada con este aviso, puedes contactarnos directamente v\u00eda WhatsApp.","og_url":"https:\/\/cowboysteakgrill.com\/en\/home\/privacidad\/","article_publisher":"https:\/\/www.facebook.com\/CowboyNuevoIdeal","article_modified_time":"2025-08-07T19:40:43+00:00","twitter_card":"summary_large_image","twitter_misc":{"Est. reading time":"1 minute"},"schema":{"@context":"https:\/\/schema.org","@graph":[{"@type":"WebPage","@id":"https:\/\/cowboysteakgrill.com\/home\/privacidad\/","url":"https:\/\/cowboysteakgrill.com\/home\/privacidad\/","name":"Pol\u00edtica de Privacidad -","isPartOf":{"@id":"https:\/\/cowboysteakgrill.com\/#website"},"datePublished":"2025-07-22T07:02:39+00:00","dateModified":"2025-08-07T19:40:43+00:00","breadcrumb":{"@id":"https:\/\/cowboysteakgrill.com\/home\/privacidad\/#breadcrumb"},"inLanguage":"en-US","potentialAction":[{"@type":"ReadAction","target":["https:\/\/cowboysteakgrill.com\/home\/privacidad\/"]}]},{"@type":"BreadcrumbList","@id":"https:\/\/cowboysteakgrill.com\/home\/privacidad\/#breadcrumb","itemListElement":[{"@type":"ListItem","position":1,"name":"Home","item":"https:\/\/cowboysteakgrill.com\/"},{"@type":"ListItem","position":2,"name":"Cowboy Steak Grill","item":"https:\/\/cowboysteakgrill.com\/"},{"@type":"ListItem","position":3,"name":"Pol\u00edtica de Privacidad"}]},{"@type":"WebSite","@id":"https:\/\/cowboysteakgrill.com\/#website","url":"https:\/\/cowboysteakgrill.com\/","name":"Cowboy Steak Grill","description":"Asado con sabor norte\u00f1o de Durango, alma de Canatl\u00e1n y coraz\u00f3n de Nuevo Ideal.","publisher":{"@id":"https:\/\/cowboysteakgrill.com\/#organization"},"potentialAction":[{"@type":"SearchAction","target":{"@type":"EntryPoint","urlTemplate":"https:\/\/cowboysteakgrill.com\/?s={search_term_string}"},"query-input":{"@type":"PropertyValueSpecification","valueRequired":true,"valueName":"search_term_string"}}],"inLanguage":"en-US"},{"@type":"Organization","@id":"https:\/\/cowboysteakgrill.com\/#organization","name":"Cowboy Steak Grill","url":"https:\/\/cowboysteakgrill.com\/","logo":{"@type":"ImageObject","inLanguage":"en-US","@id":"https:\/\/cowboysteakgrill.com\/#\/schema\/logo\/image\/","url":"https:\/\/cowboysteakgrill.com\/wp-content\/uploads\/2025\/07\/Cowboy-Steak-Grill-Logo-scaled.png","contentUrl":"https:\/\/cowboysteakgrill.com\/wp-content\/uploads\/2025\/07\/Cowboy-Steak-Grill-Logo-scaled.png","width":2560,"height":1354,"caption":"Cowboy Steak Grill"},"image":{"@id":"https:\/\/cowboysteakgrill.com\/#\/schema\/logo\/image\/"},"sameAs":["https:\/\/www.facebook.com\/CowboyNuevoIdeal","https:\/\/www.facebook.com\/profile.php?id=61567868582539","https:\/\/www.instagram.com\/cowboysteakgrill_\/","https:\/\/www.instagram.com\/cowboysteakgrillcanatlan\/"]}]}},"_links":{"self":[{"href":"https:\/\/cowboysteakgrill.com\/en\/wp-json\/wp\/v2\/pages\/496","targetHints":{"allow":["GET"]}}],"collection":[{"href":"https:\/\/cowboysteakgrill.com\/en\/wp-json\/wp\/v2\/pages"}],"about":[{"href":"https:\/\/cowboysteakgrill.com\/en\/wp-json\/wp\/v2\/types\/page"}],"author":[{"embeddable":true,"href":"https:\/\/cowboysteakgrill.com\/en\/wp-json\/wp\/v2\/users\/3"}],"replies":[{"embeddable":true,"href":"https:\/\/cowboysteakgrill.com\/en\/wp-json\/wp\/v2\/comments?post=496"}],"version-history":[{"count":5,"href":"https:\/\/cowboysteakgrill.com\/en\/wp-json\/wp\/v2\/pages\/496\/revisions"}],"predecessor-version":[{"id":501,"href":"https:\/\/cowboysteakgrill.com\/en\/wp-json\/wp\/v2\/pages\/496\/revisions\/501"}],"up":[{"embeddable":true,"href":"https:\/\/cowboysteakgrill.com\/en\/wp-json\/wp\/v2\/pages\/9"}],"wp:attachment":[{"href":"https:\/\/cowboysteakgrill.com\/en\/wp-json\/wp\/v2\/media?parent=496"}],"curies":[{"name":"wp","href":"https:\/\/api.w.org\/{rel}","templated":true}]}}