{"id":473,"date":"2025-07-22T06:35:06","date_gmt":"2025-07-22T06:35:06","guid":{"rendered":"https:\/\/cowboysteakgrill.com\/?page_id=473"},"modified":"2025-08-07T19:41:25","modified_gmt":"2025-08-07T19:41:25","slug":"terminos-y-condiciones","status":"publish","type":"page","link":"https:\/\/cowboysteakgrill.com\/en\/home\/terminos-y-condiciones\/","title":{"rendered":"Terms and Conditions"},"content":{"rendered":"<div data-elementor-type=\"wp-page\" data-elementor-id=\"473\" class=\"elementor elementor-473\">\n\t\t\t\t<div class=\"elementor-element elementor-element-08c21a0 e-flex e-con-boxed wpr-particle-no wpr-jarallax-no wpr-parallax-no wpr-sticky-section-no wpr-equal-height-no e-con e-parent\" data-id=\"08c21a0\" data-element_type=\"container\" data-e-type=\"container\">\n\t\t\t\t\t<div class=\"e-con-inner\">\n\t\t\t\t<div class=\"elementor-element elementor-element-7bf5a8a elementor-widget elementor-widget-heading\" data-id=\"7bf5a8a\" data-element_type=\"widget\" data-e-type=\"widget\" data-widget_type=\"heading.default\">\n\t\t\t\t\t<h2 class=\"elementor-heading-title elementor-size-default\">Terms and Conditions<\/h2>\t\t\t\t<\/div>\n\t\t\t\t<div class=\"elementor-element elementor-element-9dea07f elementor-widget elementor-widget-text-editor\" data-id=\"9dea07f\" data-element_type=\"widget\" data-e-type=\"widget\" data-widget_type=\"text-editor.default\">\n\t\t\t\t\t\t\t\t\t<p data-start=\"319\" data-end=\"367\">Last updated: July 2025<\/p><p data-start=\"369\" data-end=\"500\">Welcome to the official website of Cowboy Steak Grill. By accessing and browsing this site, you agree to the following terms and conditions: <em data-start=\"396\" data-end=\"416\">Cowboy Steak Grill<\/em>. Al acceder y navegar en este sitio, aceptas los siguientes t\u00e9rminos y condiciones:<\/p><ol data-start=\"502\" data-end=\"1401\"><li data-start=\"502\" data-end=\"726\"><p data-start=\"505\" data-end=\"726\"><strong>Site Purpose<\/strong><br data-start=\"528\" data-end=\"531\" \/>This website is intended solely to provide general information about our products, locations, and to enable contact through a WhatsApp link for reservations or inquiries.<\/p><\/li><li data-start=\"728\" data-end=\"931\"><p data-start=\"731\" data-end=\"931\"><strong>Use of External Links<\/strong><br data-start=\"758\" data-end=\"761\" \/>This site includes a link that redirects to WhatsApp. <em data-start=\"816\" data-end=\"836\">Cowboy Steak Grill<\/em> is not responsible for the use, functionality, or privacy policies of said platform.<\/p><\/li><li data-start=\"933\" data-end=\"1048\"><p data-start=\"936\" data-end=\"1048\"><strong>No Data Collection<\/strong><br data-start=\"965\" data-end=\"968\" \/>This website does not collect, store, or request personal data from its visitors.<\/p><\/li><li data-start=\"1050\" data-end=\"1235\"><p data-start=\"1053\" data-end=\"1235\"><strong>Intellectual Property<\/strong><br data-start=\"1078\" data-end=\"1081\" \/>All visual content, text, logos, and graphic elements are the property of <em data-start=\"1163\" data-end=\"1183\">Cowboy Steak Grill<\/em> and may not be used without prior authorization.<\/p><\/li><li data-start=\"1237\" data-end=\"1401\"><p data-start=\"1240\" data-end=\"1401\"><strong>Modifications<\/strong><br data-start=\"1258\" data-end=\"1261\" \/>We reserve the right to modify these terms and conditions at any time. We recommend reviewing this section periodically.<\/p><\/li><\/ol>\t\t\t\t\t\t\t\t<\/div>\n\t\t\t\t\t<\/div>\n\t\t\t\t<\/div>\n\t\t\t\t<\/div>","protected":false},"excerpt":{"rendered":"<p>T\u00e9rminos y Condiciones \u00daltima actualizaci\u00f3n: Julio 2025 Bienvenido al sitio web de Cowboy Steak Grill. Al acceder y navegar en este sitio, aceptas los siguientes t\u00e9rminos y condiciones: Prop\u00f3sito del sitioEste sitio tiene como \u00fanico prop\u00f3sito brindar informaci\u00f3n general sobre nuestros productos, ubicaci\u00f3n y permitir el contacto mediante un enlace a WhatsApp para realizar reservaciones o consultas. Uso de enlaces externosEste sitio contiene un enlace que redirige a WhatsApp. Cowboy Steak Grill no se responsabiliza por el uso, funcionamiento o pol\u00edticas de privacidad de dicha plataforma. Sin recopilaci\u00f3n de datosEste sitio no recopila, almacena ni solicita datos personales de los visitantes. Propiedad intelectualTodo el contenido visual, textos, logotipos y elementos gr\u00e1ficos son propiedad de Cowboy Steak Grill y no pueden ser utilizados sin autorizaci\u00f3n previa. ModificacionesNos reservamos el derecho de modificar estos t\u00e9rminos y condiciones en cualquier momento. Se recomienda revisar esta secci\u00f3n peri\u00f3dicamente.<\/p>","protected":false},"author":3,"featured_media":0,"parent":9,"menu_order":0,"comment_status":"closed","ping_status":"closed","template":"","meta":{"site-sidebar-layout":"no-sidebar","site-content-layout":"","ast-site-content-layout":"full-width-container","site-content-style":"default","site-sidebar-style":"default","ast-global-header-display":"","ast-banner-title-visibility":"","ast-main-header-display":"","ast-hfb-above-header-display":"","ast-hfb-below-header-display":"","ast-hfb-mobile-header-display":"","site-post-title":"disabled","ast-breadcrumbs-content":"","ast-featured-img":"disabled","footer-sml-layout":"","ast-disable-related-posts":"","theme-transparent-header-meta":"","adv-header-id-meta":"","stick-header-meta":"","header-above-stick-meta":"","header-main-stick-meta":"","header-below-stick-meta":"","astra-migrate-meta-layouts":"default","ast-page-background-enabled":"default","ast-page-background-meta":{"desktop":{"background-color":"var(--ast-global-color-5)","background-image":"","background-repeat":"repeat","background-position":"center center","background-size":"auto","background-attachment":"scroll","background-type":"","background-media":"","overlay-type":"","overlay-color":"","overlay-opacity":"","overlay-gradient":""},"tablet":{"background-color":"","background-image":"","background-repeat":"repeat","background-position":"center center","background-size":"auto","background-attachment":"scroll","background-type":"","background-media":"","overlay-type":"","overlay-color":"","overlay-opacity":"","overlay-gradient":""},"mobile":{"background-color":"","background-image":"","background-repeat":"repeat","background-position":"center center","background-size":"auto","background-attachment":"scroll","background-type":"","background-media":"","overlay-type":"","overlay-color":"","overlay-opacity":"","overlay-gradient":""}},"ast-content-background-meta":{"desktop":{"background-color":"var(--ast-global-color-4)","background-image":"","background-repeat":"repeat","background-position":"center center","background-size":"auto","background-attachment":"scroll","background-type":"","background-media":"","overlay-type":"","overlay-color":"","overlay-opacity":"","overlay-gradient":""},"tablet":{"background-color":"var(--ast-global-color-4)","background-image":"","background-repeat":"repeat","background-position":"center center","background-size":"auto","background-attachment":"scroll","background-type":"","background-media":"","overlay-type":"","overlay-color":"","overlay-opacity":"","overlay-gradient":""},"mobile":{"background-color":"var(--ast-global-color-4)","background-image":"","background-repeat":"repeat","background-position":"center center","background-size":"auto","background-attachment":"scroll","background-type":"","background-media":"","overlay-type":"","overlay-color":"","overlay-opacity":"","overlay-gradient":""}},"footnotes":""},"class_list":["post-473","page","type-page","status-publish","hentry"],"yoast_head":"<!-- This site is optimized with the Yoast SEO plugin v27.5 - https:\/\/yoast.com\/product\/yoast-seo-wordpress\/ -->\n<title>T\u00e9rminos y Condiciones -<\/title>\n<meta name=\"robots\" content=\"index, follow, max-snippet:-1, max-image-preview:large, max-video-preview:-1\" \/>\n<link rel=\"canonical\" href=\"https:\/\/cowboysteakgrill.com\/en\/home\/terminos-y-condiciones\/\" \/>\n<meta property=\"og:locale\" content=\"en_US\" \/>\n<meta property=\"og:type\" content=\"article\" \/>\n<meta property=\"og:title\" content=\"T\u00e9rminos y Condiciones -\" \/>\n<meta property=\"og:description\" content=\"T\u00e9rminos y Condiciones \u00daltima actualizaci\u00f3n: Julio 2025 Bienvenido al sitio web de Cowboy Steak Grill. Al acceder y navegar en este sitio, aceptas los siguientes t\u00e9rminos y condiciones: Prop\u00f3sito del sitioEste sitio tiene como \u00fanico prop\u00f3sito brindar informaci\u00f3n general sobre nuestros productos, ubicaci\u00f3n y permitir el contacto mediante un enlace a WhatsApp para realizar reservaciones o consultas. Uso de enlaces externosEste sitio contiene un enlace que redirige a WhatsApp. Cowboy Steak Grill no se responsabiliza por el uso, funcionamiento o pol\u00edticas de privacidad de dicha plataforma. Sin recopilaci\u00f3n de datosEste sitio no recopila, almacena ni solicita datos personales de los visitantes. Propiedad intelectualTodo el contenido visual, textos, logotipos y elementos gr\u00e1ficos son propiedad de Cowboy Steak Grill y no pueden ser utilizados sin autorizaci\u00f3n previa. ModificacionesNos reservamos el derecho de modificar estos t\u00e9rminos y condiciones en cualquier momento. Se recomienda revisar esta secci\u00f3n peri\u00f3dicamente.\" \/>\n<meta property=\"og:url\" content=\"https:\/\/cowboysteakgrill.com\/en\/home\/terminos-y-condiciones\/\" \/>\n<meta property=\"article:publisher\" content=\"https:\/\/www.facebook.com\/CowboyNuevoIdeal\" \/>\n<meta property=\"article:modified_time\" content=\"2025-08-07T19:41:25+00:00\" \/>\n<meta name=\"twitter:card\" content=\"summary_large_image\" \/>\n<meta name=\"twitter:label1\" content=\"Est. reading time\" \/>\n\t<meta name=\"twitter:data1\" content=\"1 minute\" \/>\n<script type=\"application\/ld+json\" class=\"yoast-schema-graph\">{\"@context\":\"https:\\\/\\\/schema.org\",\"@graph\":[{\"@type\":\"WebPage\",\"@id\":\"https:\\\/\\\/cowboysteakgrill.com\\\/home\\\/terminos-y-condiciones\\\/\",\"url\":\"https:\\\/\\\/cowboysteakgrill.com\\\/home\\\/terminos-y-condiciones\\\/\",\"name\":\"T\u00e9rminos y Condiciones -\",\"isPartOf\":{\"@id\":\"https:\\\/\\\/cowboysteakgrill.com\\\/#website\"},\"datePublished\":\"2025-07-22T06:35:06+00:00\",\"dateModified\":\"2025-08-07T19:41:25+00:00\",\"breadcrumb\":{\"@id\":\"https:\\\/\\\/cowboysteakgrill.com\\\/home\\\/terminos-y-condiciones\\\/#breadcrumb\"},\"inLanguage\":\"en-US\",\"potentialAction\":[{\"@type\":\"ReadAction\",\"target\":[\"https:\\\/\\\/cowboysteakgrill.com\\\/home\\\/terminos-y-condiciones\\\/\"]}]},{\"@type\":\"BreadcrumbList\",\"@id\":\"https:\\\/\\\/cowboysteakgrill.com\\\/home\\\/terminos-y-condiciones\\\/#breadcrumb\",\"itemListElement\":[{\"@type\":\"ListItem\",\"position\":1,\"name\":\"Home\",\"item\":\"https:\\\/\\\/cowboysteakgrill.com\\\/\"},{\"@type\":\"ListItem\",\"position\":2,\"name\":\"Cowboy Steak Grill\",\"item\":\"https:\\\/\\\/cowboysteakgrill.com\\\/\"},{\"@type\":\"ListItem\",\"position\":3,\"name\":\"T\u00e9rminos y Condiciones\"}]},{\"@type\":\"WebSite\",\"@id\":\"https:\\\/\\\/cowboysteakgrill.com\\\/#website\",\"url\":\"https:\\\/\\\/cowboysteakgrill.com\\\/\",\"name\":\"Cowboy Steak Grill\",\"description\":\"Asado con sabor norte\u00f1o de Durango, alma de Canatl\u00e1n y coraz\u00f3n de Nuevo Ideal.\",\"publisher\":{\"@id\":\"https:\\\/\\\/cowboysteakgrill.com\\\/#organization\"},\"potentialAction\":[{\"@type\":\"SearchAction\",\"target\":{\"@type\":\"EntryPoint\",\"urlTemplate\":\"https:\\\/\\\/cowboysteakgrill.com\\\/?s={search_term_string}\"},\"query-input\":{\"@type\":\"PropertyValueSpecification\",\"valueRequired\":true,\"valueName\":\"search_term_string\"}}],\"inLanguage\":\"en-US\"},{\"@type\":\"Organization\",\"@id\":\"https:\\\/\\\/cowboysteakgrill.com\\\/#organization\",\"name\":\"Cowboy Steak Grill\",\"url\":\"https:\\\/\\\/cowboysteakgrill.com\\\/\",\"logo\":{\"@type\":\"ImageObject\",\"inLanguage\":\"en-US\",\"@id\":\"https:\\\/\\\/cowboysteakgrill.com\\\/#\\\/schema\\\/logo\\\/image\\\/\",\"url\":\"https:\\\/\\\/cowboysteakgrill.com\\\/wp-content\\\/uploads\\\/2025\\\/07\\\/Cowboy-Steak-Grill-Logo-scaled.png\",\"contentUrl\":\"https:\\\/\\\/cowboysteakgrill.com\\\/wp-content\\\/uploads\\\/2025\\\/07\\\/Cowboy-Steak-Grill-Logo-scaled.png\",\"width\":2560,\"height\":1354,\"caption\":\"Cowboy Steak Grill\"},\"image\":{\"@id\":\"https:\\\/\\\/cowboysteakgrill.com\\\/#\\\/schema\\\/logo\\\/image\\\/\"},\"sameAs\":[\"https:\\\/\\\/www.facebook.com\\\/CowboyNuevoIdeal\",\"https:\\\/\\\/www.facebook.com\\\/profile.php?id=61567868582539\",\"https:\\\/\\\/www.instagram.com\\\/cowboysteakgrill_\\\/\",\"https:\\\/\\\/www.instagram.com\\\/cowboysteakgrillcanatlan\\\/\"]}]}<\/script>\n<!-- \/ Yoast SEO plugin. -->","yoast_head_json":{"title":"T\u00e9rminos y Condiciones -","robots":{"index":"index","follow":"follow","max-snippet":"max-snippet:-1","max-image-preview":"max-image-preview:large","max-video-preview":"max-video-preview:-1"},"canonical":"https:\/\/cowboysteakgrill.com\/en\/home\/terminos-y-condiciones\/","og_locale":"en_US","og_type":"article","og_title":"T\u00e9rminos y Condiciones -","og_description":"T\u00e9rminos y Condiciones \u00daltima actualizaci\u00f3n: Julio 2025 Bienvenido al sitio web de Cowboy Steak Grill. Al acceder y navegar en este sitio, aceptas los siguientes t\u00e9rminos y condiciones: Prop\u00f3sito del sitioEste sitio tiene como \u00fanico prop\u00f3sito brindar informaci\u00f3n general sobre nuestros productos, ubicaci\u00f3n y permitir el contacto mediante un enlace a WhatsApp para realizar reservaciones o consultas. Uso de enlaces externosEste sitio contiene un enlace que redirige a WhatsApp. Cowboy Steak Grill no se responsabiliza por el uso, funcionamiento o pol\u00edticas de privacidad de dicha plataforma. Sin recopilaci\u00f3n de datosEste sitio no recopila, almacena ni solicita datos personales de los visitantes. Propiedad intelectualTodo el contenido visual, textos, logotipos y elementos gr\u00e1ficos son propiedad de Cowboy Steak Grill y no pueden ser utilizados sin autorizaci\u00f3n previa. ModificacionesNos reservamos el derecho de modificar estos t\u00e9rminos y condiciones en cualquier momento. Se recomienda revisar esta secci\u00f3n peri\u00f3dicamente.","og_url":"https:\/\/cowboysteakgrill.com\/en\/home\/terminos-y-condiciones\/","article_publisher":"https:\/\/www.facebook.com\/CowboyNuevoIdeal","article_modified_time":"2025-08-07T19:41:25+00:00","twitter_card":"summary_large_image","twitter_misc":{"Est. reading time":"1 minute"},"schema":{"@context":"https:\/\/schema.org","@graph":[{"@type":"WebPage","@id":"https:\/\/cowboysteakgrill.com\/home\/terminos-y-condiciones\/","url":"https:\/\/cowboysteakgrill.com\/home\/terminos-y-condiciones\/","name":"T\u00e9rminos y Condiciones -","isPartOf":{"@id":"https:\/\/cowboysteakgrill.com\/#website"},"datePublished":"2025-07-22T06:35:06+00:00","dateModified":"2025-08-07T19:41:25+00:00","breadcrumb":{"@id":"https:\/\/cowboysteakgrill.com\/home\/terminos-y-condiciones\/#breadcrumb"},"inLanguage":"en-US","potentialAction":[{"@type":"ReadAction","target":["https:\/\/cowboysteakgrill.com\/home\/terminos-y-condiciones\/"]}]},{"@type":"BreadcrumbList","@id":"https:\/\/cowboysteakgrill.com\/home\/terminos-y-condiciones\/#breadcrumb","itemListElement":[{"@type":"ListItem","position":1,"name":"Home","item":"https:\/\/cowboysteakgrill.com\/"},{"@type":"ListItem","position":2,"name":"Cowboy Steak Grill","item":"https:\/\/cowboysteakgrill.com\/"},{"@type":"ListItem","position":3,"name":"T\u00e9rminos y Condiciones"}]},{"@type":"WebSite","@id":"https:\/\/cowboysteakgrill.com\/#website","url":"https:\/\/cowboysteakgrill.com\/","name":"Cowboy Steak Grill","description":"Asado con sabor norte\u00f1o de Durango, alma de Canatl\u00e1n y coraz\u00f3n de Nuevo Ideal.","publisher":{"@id":"https:\/\/cowboysteakgrill.com\/#organization"},"potentialAction":[{"@type":"SearchAction","target":{"@type":"EntryPoint","urlTemplate":"https:\/\/cowboysteakgrill.com\/?s={search_term_string}"},"query-input":{"@type":"PropertyValueSpecification","valueRequired":true,"valueName":"search_term_string"}}],"inLanguage":"en-US"},{"@type":"Organization","@id":"https:\/\/cowboysteakgrill.com\/#organization","name":"Cowboy Steak Grill","url":"https:\/\/cowboysteakgrill.com\/","logo":{"@type":"ImageObject","inLanguage":"en-US","@id":"https:\/\/cowboysteakgrill.com\/#\/schema\/logo\/image\/","url":"https:\/\/cowboysteakgrill.com\/wp-content\/uploads\/2025\/07\/Cowboy-Steak-Grill-Logo-scaled.png","contentUrl":"https:\/\/cowboysteakgrill.com\/wp-content\/uploads\/2025\/07\/Cowboy-Steak-Grill-Logo-scaled.png","width":2560,"height":1354,"caption":"Cowboy Steak Grill"},"image":{"@id":"https:\/\/cowboysteakgrill.com\/#\/schema\/logo\/image\/"},"sameAs":["https:\/\/www.facebook.com\/CowboyNuevoIdeal","https:\/\/www.facebook.com\/profile.php?id=61567868582539","https:\/\/www.instagram.com\/cowboysteakgrill_\/","https:\/\/www.instagram.com\/cowboysteakgrillcanatlan\/"]}]}},"_links":{"self":[{"href":"https:\/\/cowboysteakgrill.com\/en\/wp-json\/wp\/v2\/pages\/473","targetHints":{"allow":["GET"]}}],"collection":[{"href":"https:\/\/cowboysteakgrill.com\/en\/wp-json\/wp\/v2\/pages"}],"about":[{"href":"https:\/\/cowboysteakgrill.com\/en\/wp-json\/wp\/v2\/types\/page"}],"author":[{"embeddable":true,"href":"https:\/\/cowboysteakgrill.com\/en\/wp-json\/wp\/v2\/users\/3"}],"replies":[{"embeddable":true,"href":"https:\/\/cowboysteakgrill.com\/en\/wp-json\/wp\/v2\/comments?post=473"}],"version-history":[{"count":16,"href":"https:\/\/cowboysteakgrill.com\/en\/wp-json\/wp\/v2\/pages\/473\/revisions"}],"predecessor-version":[{"id":508,"href":"https:\/\/cowboysteakgrill.com\/en\/wp-json\/wp\/v2\/pages\/473\/revisions\/508"}],"up":[{"embeddable":true,"href":"https:\/\/cowboysteakgrill.com\/en\/wp-json\/wp\/v2\/pages\/9"}],"wp:attachment":[{"href":"https:\/\/cowboysteakgrill.com\/en\/wp-json\/wp\/v2\/media?parent=473"}],"curies":[{"name":"wp","href":"https:\/\/api.w.org\/{rel}","templated":true}]}}